{"id":751,"date":"2022-02-24T14:11:37","date_gmt":"2022-02-24T14:11:37","guid":{"rendered":"https:\/\/initiation-project.eu\/elearning\/"},"modified":"2023-02-22T13:35:03","modified_gmt":"2023-02-22T13:35:03","slug":"elearning","status":"publish","type":"page","link":"https:\/\/initiation-project.eu\/et\/elearning\/","title":{"rendered":"e-\u00d5pe"},"content":{"rendered":"<h1>e-\u00d5pe<\/h1>\n<div>\n<p>        <img decoding=\"async\" src=\"\/wp-content\/uploads\/2022\/04\/initiation_website_design_18042022_mf-14.svg\" alt=\"e-learning\"><\/p>\n<div>\n<p>Platvorm koosneb v\u00e4\u00e4rtuslikust t\u00f6\u00f6riistast g\u00fcmnaasiumi\u00f5pilaste ja \u00f5petajate digioskuste arendamiseks, digivahendite t\u00f5husaks integreerimiseks \u00f5petamis- ja \u00f5pikeskkonda ning digitransformatsiooni k\u00e4sitlemiseks digivalmiduse ja -suutlikkuse arendamise kaudu<\/p>\n<\/div>\n<p><a href=\"http:\/\/initiation-project.sch.gr\/\">K\u00fclastage platvormi<\/a><\/p>\n<\/div>\n<p><!--more--><br \/>\n<!-- {\"type\":\"layout\",\"children\":[{\"type\":\"section\",\"props\":{\"style\":\"default\",\"width\":\"default\",\"vertical_align\":\"middle\",\"title_position\":\"top-left\",\"title_rotation\":\"left\",\"title_breakpoint\":\"xl\",\"image_position\":\"center-center\",\"padding_remove_top\":false},\"children\":[{\"type\":\"row\",\"children\":[{\"type\":\"column\",\"props\":{\"position_sticky_breakpoint\":\"m\",\"image_position\":\"center-center\",\"media_overlay_gradient\":\"\"},\"children\":[{\"type\":\"headline\",\"props\":{\"title_element\":\"h1\",\"content\":\"e-\\u00d5pe\",\"title_color\":\"success\"}},{\"type\":\"panel\",\"props\":{\"link_text\":\"K\\u00fclastage platvormi\",\"title_hover_style\":\"reset\",\"title_element\":\"h3\",\"title_align\":\"top\",\"title_grid_width\":\"1-2\",\"title_grid_breakpoint\":\"m\",\"meta_style\":\"meta\",\"meta_align\":\"below-title\",\"meta_element\":\"div\",\"content_column_breakpoint\":\"m\",\"icon_width\":80,\"image_align\":\"right\",\"image_grid_width\":\"2-5\",\"image_grid_breakpoint\":\"m\",\"image_svg_color\":\"emphasis\",\"link_style\":\"primary\",\"margin\":\"default\",\"title\":\"\",\"content\":\"\n\n<p>Platvorm koosneb v\\u00e4\\u00e4rtuslikust t\\u00f6\\u00f6riistast g\\u00fcmnaasiumi\\u00f5pilaste ja \\u00f5petajate digioskuste arendamiseks, digivahendite t\\u00f5husaks integreerimiseks \\u00f5petamis- ja \\u00f5pikeskkonda ning digitransformatsiooni k\\u00e4sitlemiseks digivalmiduse ja -suutlikkuse arendamise kaudu<\\\/p>\",\"image\":\"wp-content\\\/uploads\\\/2022\\\/04\\\/initiation_website_design_18042022_mf-14.svg\",\"title_color\":\"success\",\"link\":\"http:\\\/\\\/initiation-project.sch.gr\\\/\",\"image_alt\":\"e-learning\",\"class\":\"th-smMobile\",\"link_target\":true},\"name\":\"left-image-panel\"}]}]},{\"type\":\"row\",\"children\":[{\"type\":\"column\",\"props\":{\"position_sticky_breakpoint\":\"m\",\"image_position\":\"center-center\",\"media_overlay_gradient\":\"\"},\"children\":[]}]}]}],\"version\":\"2.7.22\"} --><\/p>\n","protected":false},"excerpt":{"rendered":"<p>e-\u00d5pe Platvorm koosneb v\u00e4\u00e4rtuslikust t\u00f6\u00f6riistast g\u00fcmnaasiumi\u00f5pilaste ja \u00f5petajate digioskuste arendamiseks, digivahendite t\u00f5husaks integreerimiseks \u00f5petamis- ja \u00f5pikeskkonda ning digitransformatsiooni k\u00e4sitlemiseks digivalmiduse ja -suutlikkuse arendamise kaudu K\u00fclastage..<\/p>\n","protected":false},"author":1,"featured_media":0,"parent":0,"menu_order":0,"comment_status":"closed","ping_status":"closed","template":"","meta":{"_acf_changed":false,"inline_featured_image":false,"footnotes":""},"class_list":["post-751","page","type-page","status-publish","hentry"],"acf":[],"_links":{"self":[{"href":"https:\/\/initiation-project.eu\/et\/wp-json\/wp\/v2\/pages\/751","targetHints":{"allow":["GET"]}}],"collection":[{"href":"https:\/\/initiation-project.eu\/et\/wp-json\/wp\/v2\/pages"}],"about":[{"href":"https:\/\/initiation-project.eu\/et\/wp-json\/wp\/v2\/types\/page"}],"author":[{"embeddable":true,"href":"https:\/\/initiation-project.eu\/et\/wp-json\/wp\/v2\/users\/1"}],"replies":[{"embeddable":true,"href":"https:\/\/initiation-project.eu\/et\/wp-json\/wp\/v2\/comments?post=751"}],"version-history":[{"count":3,"href":"https:\/\/initiation-project.eu\/et\/wp-json\/wp\/v2\/pages\/751\/revisions"}],"predecessor-version":[{"id":848,"href":"https:\/\/initiation-project.eu\/et\/wp-json\/wp\/v2\/pages\/751\/revisions\/848"}],"wp:attachment":[{"href":"https:\/\/initiation-project.eu\/et\/wp-json\/wp\/v2\/media?parent=751"}],"curies":[{"name":"wp","href":"https:\/\/api.w.org\/{rel}","templated":true}]}}